{"id":42,"date":"2011-05-12T17:30:27","date_gmt":"2011-05-12T16:30:27","guid":{"rendered":"http:\/\/www.schladmingerfasching.at\/?page_id=42"},"modified":"2025-11-03T16:44:42","modified_gmt":"2025-11-03T15:44:42","slug":"impressum","status":"publish","type":"page","link":"https:\/\/www.schladmingerfasching.at\/?page_id=42","title":{"rendered":"Impressum \/ Datenschutz"},"content":{"rendered":"\n<h2 class=\"wp-block-heading\">Medieninhaber und Herausgeber<\/h2>\n\n\n\n<p><strong>Faschingsgilde Schladming<\/strong><\/p>\n\n\n\n<p>Pr\u00e4sident: Herwig Aichmann<\/p>\n\n\n\n<p>8970 Schladming<\/p>\n\n\n\n<p>E-Mail: <a href=\"mailto:info@schladmingerfasching.at\">info@schladmingerfasching.at<\/a><\/p>\n\n\n\n<h2 class=\"wp-block-heading\">Informationen gem\u00e4\u00df <abbr title=\"E-Commerce Gesetz\">ECG<\/abbr><\/h2>\n\n\n\n<p>Rechtsform: Verein<\/p>\n\n\n\n<p>Zweck des Vereins: Brauchtumserhalt<\/p>\n\n\n\n<h2 class=\"wp-block-heading\">Fotos<\/h2>\n\n\n\n<p>Foto TOM, eigene.<\/p>\n\n\n\n<h2 class=\"wp-block-heading\">Haftungsausschluss<\/h2>\n\n\n\n<h3 class=\"wp-block-heading\">Inhalte dieser Webseiten<\/h3>\n\n\n\n<p>Alle Informationen und Erkl\u00e4rungen dieser Internetseiten sind unverbindlich. Der Medieninhaber sowie der Ersteller der Webseiten \u00fcbernehmen f\u00fcr die Richtigkeit, Aktualit\u00e4t und Vollst\u00e4ndigkeit der Inhalte keine Gew\u00e4hr. Es ergeben sich keine Rechtsanspr\u00fcche aus den Inhalten der Internetseiten.<\/p>\n\n\n\n<p>Alle Angebote und Preise sind Richtpreise, freibleibend und unverbindlich.<\/p>\n\n\n\n<p>Die Rechtsbeziehung, welche durch die Nutzung der Internetseiten entstanden ist, unterliegt dem Recht der Bundesrepublik \u00d6sterreich. Bei Rechtsstreitigkeiten, die sich aus der Nutzung dieser Webseiten ergeben, ist der Gerichtsstand Schladming.<\/p>\n\n\n\n<h3 class=\"wp-block-heading\">Streitbeilegung<\/h3>\n\n\n\n<p>Verbraucher haben die M\u00f6glichkeit, Beschwerden an die Online-Streitbeilegungsplattform der EU zu richten: <a href=\"http:\/\/ec.europa.eu\/odr\" target=\"_blank\" rel=\"noopener\">ec.europa.eu<\/a>. Bitte kontaktieren Sie uns bei eventuellen Unstimmigkeiten, wir werden uns bem\u00fchen die Probleme zu Ihrer Zufriedenheit zu l\u00f6sen.<\/p>\n\n\n\n<h3 class=\"wp-block-heading\">Verweise bzw. Links<\/h3>\n\n\n\n<p>Unsere Webseiten verweisen auf andere Internetseiten (&#8222;Links&#8220;), die au\u00dferhalb unseres Verantwortungsbereiches liegen. Hiermit erkl\u00e4ren wir ausdr\u00fccklich, dass zum Zeitpunkt der Linksetzung keine illegalen Inhalte auf den verlinkten Seiten erkennbar waren.<\/p>\n\n\n\n<p>Auf die aktuelle und zuk\u00fcnftige Gestaltung, die Inhalte oder die Urheberschaft der verlinkten Seiten haben wir keinerlei Einfluss. Sollten diese verlinkten Seiten Inhalte rechtswidriger Art enthalten oder auch moralisch bedenklich sein, so distanzieren wir uns hiermit von diesen Inhalten und bitten darum uns davon in Kenntnis zu setzen und diese Links werden sofort aus dem Internetangebot entfernt.<\/p>\n\n\n\n<h2 class=\"wp-block-heading\">Datenschutzerkl\u00e4rung<\/h2>\n\n\n\n<p>Ihre Daten werden ausschlie\u00dflich auf Grundlage der gesetzlichen Bestimmungen (DSGVO, TKG 2003) verarbeitet.         <\/p>\n\n\n\n<p>F\u00fcr die Verarbeitung der Daten verantwortlich ist die Faschingsgilde Schladming.         <\/p>\n\n\n\n<h3 class=\"wp-block-heading\">Welche Daten werden verarbeitet und warum?<\/h3>\n\n\n\n<h4 class=\"wp-block-heading\">Im Verein:<\/h4>\n\n\n\n<p>Es werden nur jene personenbezogenen Daten erhoben und verarbeitet, die f\u00fcr die Durchf\u00fchrung und Abwicklung unserer Leistungen (d.h. zur Vertragserf\u00fcllung, Mitgliederverwaltung, Zusendung von Information f\u00fcr bevorstehenden und durchgef\u00fchrte Veranstaltungen) und\/oder f\u00fcr die Erf\u00fcllung einer gesetzlicher Verpflichtungen (z.B. zur Erf\u00fcllung der Dokumentationspflicht) erforderlich sind oder die Sie uns freiwillig zur Verf\u00fcgung gestellt haben.          <\/p>\n\n\n\n<p>\n          Personenbezogene Daten sind Daten, die Angaben \u00fcber pers\u00f6nliche oder sachliche Verh\u00e4ltnisse enthalten, wie zum Beispiel: Vor- und Nachname, Anschrift, \n          E-Mailadresse, Telefonnummer.\n        <\/p>\n\n\n\n<p>\n          Bitte beachten Sie, dass die Bereitstellung Ihrer personenbezogenen Daten, sofern nicht gesetzlich oder vertraglich vorgeschrieben, freiwillig ist. \n\n        <\/p>\n\n\n\n<h4 class=\"wp-block-heading\">Bei Besuch dieser Webseiten:<\/h4>\n\n\n\n<p>\n          Im Zuge Ihres Besuches dieser Website werden folgende Informationen automatisch erhoben: Das Datum und die Uhrzeit des Aufrufs einer Seite, \n          Ihre IP-Adresse, Name und Version Ihres Web-Browsers und die Website (URL), die Sie vor dem Aufruf dieser Website besucht haben.\n        <\/p>\n\n\n\n<p>\n          Diese Daten werden verwendet um Nutzungsstatistiken zu erstellen und um Angriffe auf unsere Website zu erkennen und untersuchen zu k\u00f6nnen.\n        <\/p>\n\n\n\n<h4 class=\"wp-block-heading\">Bei Kontaktaufnahme \u00fcber E-Mail:<\/h4>\n\n\n\n<p>\n          Ihre freiwillig angegebenen Daten werden zwecks Bearbeitung Ihrer Anfrage und f\u00fcr den Fall von etwaigen Anschlussfragen so lange gespeichert,\n          wie dies f\u00fcr die Vertragserf\u00fcllung oder die Kl\u00e4rung des Sachverhaltes notwendig ist. Eine Weitergabe Ihrer Daten erfolgt nur mit Ihrer Einwilligung.\n        <\/p>\n\n\n\n<h3 class=\"wp-block-heading\">Rechtsgrundlagen der Verarbeitung:<\/h3>\n\n\n\n<p>\n          Die zur Verf\u00fcgung gestellten Daten werden nicht f\u00fcr andere Zwecke als die obgenannten oder durch Ihre Einwilligung oder sonst durch eine Bestimmung \n          mit der DSGVO gedeckten Zweck verarbeiten, wobei die rechtliche Grundlage f\u00fcr die Verarbeitung Ihrer personenbezogenen Daten insbesondere \n          unser \u00fcberwiegendes berechtigtes Interesse (gem\u00e4\u00df Art 6 Abs 1 lit f EU-DSGVO) sowie Ihre Einwilligung (Art 6 Abs 1 lit a EU-DSGVO) ist.\n        <\/p>\n\n\n\n<h3 class=\"wp-block-heading\">\u00dcbermittlung Ihrer personenbezogenen Daten<\/h3>\n\n\n\n<p>\n          Zur Erf\u00fcllung Ihres Auftrages ist es m\u00f6glicherweise erforderlich, Ihre Daten an Dritte (von uns eingesetzte IT-Dienstleister, Gerichte oder \n          Beh\u00f6rden etc) weiterzuleiten. Eine Weiterleitung Ihrer Daten erfolgt ausschlie\u00dflich auf Grundlage der DSGVO, insbesondere aufgrund unseres \n          \u00fcberwiegenden berechtigten Interesses oder aufgrund Ihrer vorherigen Einwilligung.\n        <\/p>\n\n\n\n<h3 class=\"wp-block-heading\">Dauer der Speicherung<\/h3>\n\n\n\n<p>\n          Ihre Daten werden grunds\u00e4tzlich so lange gespeichert, wie dies f\u00fcr eine Dauer der Vertragserf\u00fcllung notwendig ist. Eine l\u00e4ngere Speicherung erfolgt nur, \n          soweit dies erforderlich ist, um festgestellte Angriffe auf unsere Website zu untersuchen oder soweit dies zur Erf\u00fcllung unserer gesetzlichen \n          Verpflichtungen oder zur Abwehr allf\u00e4lliger Haftungsanspr\u00fcche erforderlich ist.\n        <\/p>\n\n\n\n<h3 class=\"wp-block-heading\">Ihre Rechte im Zusammenhang mit personenbezogenen Daten<\/h3>\n\n\n\n<p>\n          Sie sind unter anderem berechtigt, \n        <\/p>\n\n\n\n<ul class=\"wp-block-list list--without-image\">\n<li> zu \u00fcberpr\u00fcfen, ob und welche personenbezogenen Daten wir \u00fcber Sie gespeichert haben und Kopien dieser Daten zu erhalten,<br>          <\/li>\n\n\n\n<li>die Berichtigung, Erg\u00e4nzung oder das L\u00f6schen Ihrer personenbezogenen Daten, die falsch sind oder nicht rechtskonform verarbeitet werden, zu verlangen, <br>          <\/li>\n\n\n\n<li>die Verarbeitung Ihrer personenbezogenen Daten einzuschr\u00e4nken, und unter bestimmten Umst\u00e4nden der Verarbeitung Ihrer personenbezogenen Daten zu <br>          widersprechen oder die f\u00fcr das Verarbeiten zuvor gegebene Einwilligung zu widerrufen, <br>          <\/li>\n\n\n\n<li>Daten\u00fcbertragbarkeit zu verlangen, <br>          <\/li>\n\n\n\n<li>die Identit\u00e4t von Dritten, an welche Ihre personenbezogene Daten \u00fcbermittelt werden, zu kennen, <br>          <\/li>\n\n\n\n<li>und bei der zust\u00e4ndigen Beh\u00f6rde Beschwerde zu erheben. In \u00d6sterreich zust\u00e4ndig ist <br>          die Datenschutzbeh\u00f6rde mit Sitz in 1080 Wien, Wickenburggasse 8, E-Mailadresse <br>          dsb@dsb.gv.at.<\/li>\n<\/ul>\n\n\n\n<h3 class=\"wp-block-heading\">Beantwortung von Anfragen zum Datenschutz &#8211; unsere Kontaktdaten.<\/h3>\n\n\n\n<p>\n          Wir ersuchen Sie Ihre Anfrage per E-Mail mit einer beigelegten Ausweiskopie an uns zu senden.\n        <\/p>\n\n\n\n<p>\n            <a href=\"mailto:info@schladmingerfasching.at\">info@schladmingerfasching.at<\/a>\n        <\/p>\n\n\n\n<p>\n          Wir werden Ihre Anfrage dann entsprechend der gesetzlichen Vorschriften bearbeiten.\n        <\/p>\n","protected":false},"excerpt":{"rendered":"<p>Medieninhaber und Herausgeber Faschingsgilde Schladming Pr\u00e4sident: Herwig Aichmann 8970 Schladming E-Mail: info@schladmingerfasching.at Informationen gem\u00e4\u00df ECG Rechtsform: Verein Zweck des Vereins: Brauchtumserhalt Fotos Foto TOM, eigene. Haftungsausschluss Inhalte dieser Webseiten Alle Informationen und Erkl\u00e4rungen dieser Internetseiten sind unverbindlich. Der Medieninhaber sowie der Ersteller der Webseiten \u00fcbernehmen f\u00fcr die Richtigkeit, Aktualit\u00e4t und Vollst\u00e4ndigkeit der Inhalte keine Gew\u00e4hr. [&hellip;]<\/p>\n","protected":false},"author":1,"featured_media":0,"parent":0,"menu_order":7,"comment_status":"closed","ping_status":"closed","template":"","meta":{"footnotes":""},"class_list":["post-42","page","type-page","status-publish","hentry"],"_links":{"self":[{"href":"https:\/\/www.schladmingerfasching.at\/index.php?rest_route=\/wp\/v2\/pages\/42","targetHints":{"allow":["GET"]}}],"collection":[{"href":"https:\/\/www.schladmingerfasching.at\/index.php?rest_route=\/wp\/v2\/pages"}],"about":[{"href":"https:\/\/www.schladmingerfasching.at\/index.php?rest_route=\/wp\/v2\/types\/page"}],"author":[{"embeddable":true,"href":"https:\/\/www.schladmingerfasching.at\/index.php?rest_route=\/wp\/v2\/users\/1"}],"replies":[{"embeddable":true,"href":"https:\/\/www.schladmingerfasching.at\/index.php?rest_route=%2Fwp%2Fv2%2Fcomments&post=42"}],"version-history":[{"count":19,"href":"https:\/\/www.schladmingerfasching.at\/index.php?rest_route=\/wp\/v2\/pages\/42\/revisions"}],"predecessor-version":[{"id":2917,"href":"https:\/\/www.schladmingerfasching.at\/index.php?rest_route=\/wp\/v2\/pages\/42\/revisions\/2917"}],"wp:attachment":[{"href":"https:\/\/www.schladmingerfasching.at\/index.php?rest_route=%2Fwp%2Fv2%2Fmedia&parent=42"}],"curies":[{"name":"wp","href":"https:\/\/api.w.org\/{rel}","templated":true}]}}